{"id":357,"date":"2025-01-09T09:39:30","date_gmt":"2025-01-09T08:39:30","guid":{"rendered":"https:\/\/www.gumideck.cz\/?page_id=357"},"modified":"2026-04-23T10:27:15","modified_gmt":"2026-04-23T08:27:15","slug":"kalkulacka","status":"publish","type":"page","link":"https:\/\/www.gumideck.cz\/sk\/kalkulacka\/","title":{"rendered":"Kalkula\u010dka - Online ponuka"},"content":{"rendered":"<div data-elementor-type=\"wp-page\" data-elementor-id=\"357\" class=\"elementor elementor-357\" data-elementor-post-type=\"page\">\n\t\t\t\t<div class=\"elementor-element elementor-element-791ab6d2 e-con-full e-flex e-con e-parent\" data-id=\"791ab6d2\" data-element_type=\"container\" data-e-type=\"container\">\n\t\t<div class=\"elementor-element elementor-element-4151a31f e-con-full e-flex e-con e-child\" data-id=\"4151a31f\" data-element_type=\"container\" data-e-type=\"container\">\n\t\t\t\t<div class=\"elementor-element elementor-element-20977cc7 elementor-widget__width-initial elementor-widget-mobile__width-inherit elementor-widget elementor-widget-heading\" data-id=\"20977cc7\" data-element_type=\"widget\" data-e-type=\"widget\" data-widget_type=\"heading.default\">\n\t\t\t\t\t<h2 class=\"elementor-heading-title elementor-size-default\">Na\u0161e KALKULA\u010cKA to je Cenov\u00e1 nab\u00eddka ihned,<span class=\"light-text\"> \u017eiadne \u010dakanie a \u017eiadne skryt\u00e9 n\u00e1klady! <\/span><\/h2>\t\t\t\t<\/div>\n\t\t\t\t<div class=\"elementor-element elementor-element-f007e9a elementor-widget__width-initial elementor-widget-mobile__width-inherit elementor-widget elementor-widget-text-editor\" data-id=\"f007e9a\" data-element_type=\"widget\" data-e-type=\"widget\" data-widget_type=\"text-editor.default\">\n\t\t\t\t\t\t\t\t\t<p><strong>Cenov\u00e1 nab\u00eddka okam\u017eite, bez \u010dek\u00e1n\u00ed a skryt\u00fdch<\/strong> <strong class=\"Yjhzub\" data-sfc-root=\"c\" data-sfc-cb=\"\" data-complete=\"true\" data-processed=\"true\">n\u00e1klad\u016f<\/strong>!<\/p><p>Pomocou na\u0161ej inteligentnej online kalkula\u010dky z\u00edskate okam\u017eit\u00fd v\u00fdpo\u010det presn\u00e9ho mno\u017estva dosiek pre v\u00e1\u0161 balk\u00f3n alebo terasu. Bez toho, aby ste museli \u010daka\u0165 na cenov\u00fa ponuku.<\/p><ul><li>\u017diadny prebyto\u010dn\u00fd odpad. Plat\u00edte len za to, \u010do skuto\u010dne potrebujete<\/li><li>\u017diadne skrutky, \u017eiadne mont\u00e1\u017ene poplatky.<\/li><li>Jednoduch\u00e1 mont\u00e1\u017e bez rezania a p\u00edlenia.<\/li><\/ul><p>Ak nem\u00e1te \u010das alebo chu\u0165 montova\u0165 podlahu sami, radi to urob\u00edme za v\u00e1s. Kontaktujte n\u00e1s a my sa o v\u0161etko postar\u00e1me!<\/p>\t\t\t\t\t\t\t\t<\/div>\n\t\t\t\t<div class=\"elementor-element elementor-element-3fbf962a elementor-widget elementor-widget-button\" data-id=\"3fbf962a\" data-element_type=\"widget\" data-e-type=\"widget\" data-widget_type=\"button.default\">\n\t\t\t\t\t\t\t\t\t\t<a class=\"elementor-button elementor-button-link elementor-size-sm\" href=\"\/sk\/eshop\/konfigurator\/\">\n\t\t\t\t\t\t<span class=\"elementor-button-content-wrapper\">\n\t\t\t\t\t\t<span class=\"elementor-button-icon\">\n\t\t\t\t<svg aria-hidden=\"true\" class=\"e-font-icon-svg e-fas-arrow-right\" viewbox=\"0 0 448 512\" xmlns=\"http:\/\/www.w3.org\/2000\/svg\"><path d=\"M190.5 66.9l22.2-22.2c9.4-9.4 24.6-9.4 33.9 0L441 239c9.4 9.4 9.4 24.6 0 33.9L246.6 467.3c-9.4 9.4-24.6 9.4-33.9 0l-22.2-22.2c-9.5-9.5-9.3-25 .4-34.3L311.4 296H24c-13.3 0-24-10.7-24-24v-32c0-13.3 10.7-24 24-24h287.4L190.9 101.2c-9.8-9.3-10-24.8-.4-34.3z\"><\/path><\/svg>\t\t\t<\/span>\n\t\t\t\t\t\t\t\t\t<span class=\"elementor-button-text\">Rozlo\u017eenie terasy<\/span>\n\t\t\t\t\t<\/span>\n\t\t\t\t\t<\/a>\n\t\t\t\t\t\t\t\t<\/div>\n\t\t\t\t<\/div>\n\t\t<div class=\"elementor-element elementor-element-3facc90b e-con-full e-flex e-con e-child\" data-id=\"3facc90b\" data-element_type=\"container\" data-e-type=\"container\">\n\t\t\t\t<div class=\"elementor-element elementor-element-689dcdb9 elementor-widget elementor-widget-image\" data-id=\"689dcdb9\" data-element_type=\"widget\" data-e-type=\"widget\" data-widget_type=\"image.default\">\n\t\t\t\t\t\t\t\t\t\t\t\t\t\t\t<img fetchpriority=\"high\" decoding=\"async\" width=\"800\" height=\"534\" src=\"https:\/\/www.gumideck.cz\/wp-content\/uploads\/2025\/01\/calc_mockup-1024x683.png\" class=\"attachment-large size-large wp-image-95\" alt=\"\" srcset=\"https:\/\/www.gumideck.cz\/wp-content\/uploads\/2025\/01\/calc_mockup-1024x683.png 1024w, https:\/\/www.gumideck.cz\/wp-content\/uploads\/2025\/01\/calc_mockup-190x127.png 190w, https:\/\/www.gumideck.cz\/wp-content\/uploads\/2025\/01\/calc_mockup-700x467.png 700w, https:\/\/www.gumideck.cz\/wp-content\/uploads\/2025\/01\/calc_mockup-300x200.png 300w, https:\/\/www.gumideck.cz\/wp-content\/uploads\/2025\/01\/calc_mockup-768x512.png 768w, https:\/\/www.gumideck.cz\/wp-content\/uploads\/2025\/01\/calc_mockup-1536x1024.png 1536w, https:\/\/www.gumideck.cz\/wp-content\/uploads\/2025\/01\/calc_mockup.png 1872w\" sizes=\"(max-width: 800px) 100vw, 800px\" title=\"\">\t\t\t\t\t\t\t\t\t\t\t\t\t\t\t<\/div>\n\t\t\t\t<\/div>\n\t\t\t\t<\/div>\n\t\t<div class=\"elementor-element elementor-element-ec19cf9 e-flex e-con-boxed e-con e-parent\" data-id=\"ec19cf9\" data-element_type=\"container\" data-e-type=\"container\">\n\t\t\t\t\t<div class=\"e-con-inner\">\n\t\t<div class=\"elementor-element elementor-element-9776ebc e-con-full e-flex e-con e-child\" data-id=\"9776ebc\" data-element_type=\"container\" data-e-type=\"container\">\n\t\t\t\t<div class=\"elementor-element elementor-element-416c327 elementor-widget__width-initial elementor-view-default elementor-position-block-start elementor-mobile-position-block-start elementor-widget elementor-widget-icon-box\" data-id=\"416c327\" data-element_type=\"widget\" data-e-type=\"widget\" data-widget_type=\"icon-box.default\">\n\t\t\t\t\t\t\t<div class=\"elementor-icon-box-wrapper\">\n\n\t\t\t\t\t\t<div class=\"elementor-icon-box-icon\">\n\t\t\t\t<span  class=\"elementor-icon\">\n\t\t\t\t<svg xmlns=\"http:\/\/www.w3.org\/2000\/svg\" width=\"116\" height=\"120\" viewbox=\"0 0 116 120\" fill=\"none\"><path d=\"M84.4164 52.5L93.9607 62.5M67.7138 70L77.2581 80M51.0112 87.5L60.5556 97.5\" stroke=\"#141B34\" stroke-width=\"3\" stroke-linecap=\"round\"><\/path><path d=\"M51.1806 23.3884C57.6931 16.5648 60.9497 13.153 64.5822 11.5765C69.4255 9.4745 74.8677 9.4745 79.7114 11.5765C83.344 13.153 86.6 16.5648 93.1126 23.3884C99.6252 30.2119 102.882 33.6237 104.386 37.4297C106.393 42.5044 106.393 48.2063 104.386 53.281C102.882 57.087 99.6252 60.499 93.1126 67.3225L65.1582 96.6115C58.6457 103.435 55.3891 106.847 51.7566 108.424C46.9131 110.526 41.471 110.526 36.6276 108.424C32.995 106.847 29.7387 103.435 23.226 96.6115C16.7134 89.788 13.4571 86.3765 11.9524 82.5705C9.9462 77.4955 9.9462 71.7935 11.9524 66.719C13.4571 62.913 16.7134 59.501 23.226 52.6775L51.1806 23.3884Z\" stroke=\"#141B34\" stroke-width=\"3\" stroke-linecap=\"round\" stroke-linejoin=\"round\"><\/path><\/svg>\t\t\t\t<\/span>\n\t\t\t<\/div>\n\t\t\t\n\t\t\t\t\t\t<div class=\"elementor-icon-box-content\">\n\n\t\t\t\t\t\t\t\t\t<h3 class=\"elementor-icon-box-title\">\n\t\t\t\t\t\t<span  >\n\t\t\t\t\t\t\tZmerajte si terasu\t\t\t\t\t\t<\/span>\n\t\t\t\t\t<\/h3>\n\t\t\t\t\n\t\t\t\t\t\t\t\t\t<p class=\"elementor-icon-box-description\">\n\t\t\t\t\t\tPredt\u00fdm, ako za\u010dnete vybera\u0165 podlahu na terasu, je d\u00f4le\u017eit\u00e9 zmera\u0165 presn\u00e9 rozmery va\u0161ej terasy. Pozna\u010dte si d\u013a\u017eku a \u0161\u00edrku, pr\u00edpadne nezabudnite na nepravideln\u00e9 tvary, v\u00fdklenky alebo in\u00e9 \u0161pecifik\u00e1 priestoru. \u010c\u00edm presnej\u0161ie bud\u00fa va\u0161e merania, t\u00fdm presnej\u0161\u00ed bude v\u00fdpo\u010det potrebn\u00e9ho materi\u00e1lu a ceny.\n\t\t\t\t\t<\/p>\n\t\t\t\t\n\t\t\t<\/div>\n\t\t\t\n\t\t<\/div>\n\t\t\t\t\t\t<\/div>\n\t\t\t\t<div class=\"elementor-element elementor-element-7b6d915 elementor-absolute elementor-hidden-mobile elementor-view-default elementor-widget elementor-widget-icon\" data-id=\"7b6d915\" data-element_type=\"widget\" data-e-type=\"widget\" data-settings=\"{&quot;_position&quot;:&quot;absolute&quot;}\" data-widget_type=\"icon.default\">\n\t\t\t\t\t\t\t<div class=\"elementor-icon-wrapper\">\n\t\t\t<div class=\"elementor-icon\">\n\t\t\t<svg xmlns=\"http:\/\/www.w3.org\/2000\/svg\" width=\"800px\" height=\"800px\" viewbox=\"0 0 24 24\" fill=\"none\"><path d=\"M4 12H20M20 12L16 8M20 12L16 16\" stroke=\"#000000\" stroke-width=\"2\" stroke-linecap=\"round\" stroke-linejoin=\"round\"><\/path><\/svg>\t\t\t<\/div>\n\t\t<\/div>\n\t\t\t\t\t\t<\/div>\n\t\t\t\t<\/div>\n\t\t<div class=\"elementor-element elementor-element-0ee9886 e-con-full e-flex e-con e-child\" data-id=\"0ee9886\" data-element_type=\"container\" data-e-type=\"container\">\n\t\t\t\t<div class=\"elementor-element elementor-element-8858bbf elementor-widget__width-initial elementor-view-default elementor-position-block-start elementor-mobile-position-block-start elementor-widget elementor-widget-icon-box\" data-id=\"8858bbf\" data-element_type=\"widget\" data-e-type=\"widget\" data-widget_type=\"icon-box.default\">\n\t\t\t\t\t\t\t<div class=\"elementor-icon-box-wrapper\">\n\n\t\t\t\t\t\t<div class=\"elementor-icon-box-icon\">\n\t\t\t\t<span  class=\"elementor-icon\">\n\t\t\t\t<svg xmlns=\"http:\/\/www.w3.org\/2000\/svg\" width=\"116\" height=\"120\" viewbox=\"0 0 116 120\" fill=\"none\"><path d=\"M14.8154 50H100.714\" stroke=\"#141B34\" stroke-width=\"3\" stroke-linejoin=\"round\"><\/path><path d=\"M72.0815 30H81.6259\" stroke=\"#141B34\" stroke-width=\"3\" stroke-linecap=\"round\" stroke-linejoin=\"round\"><\/path><path d=\"M100.714 65V55C100.714 33.7868 100.714 23.1802 94.4247 16.5901C88.135 10 78.0113 10 57.7649 10C37.5183 10 27.395 10 21.1052 16.5901C14.8154 23.1802 14.8154 33.7868 14.8154 55V65C14.8154 86.213 14.8154 96.82 21.1052 103.41C27.395 110 37.5183 110 57.7649 110C78.0113 110 88.135 110 94.4247 103.41C100.714 96.82 100.714 86.213 100.714 65Z\" stroke=\"#141B34\" stroke-width=\"3\"><\/path><path d=\"M33.9043 70H36.416M56.5091 70H59.0212M79.1143 70H81.6259\" stroke=\"#141B34\" stroke-width=\"3\" stroke-linecap=\"round\" stroke-linejoin=\"round\"><\/path><path d=\"M33.9043 90H36.416M56.5091 90H59.0211M79.1143 90H81.6259\" stroke=\"#141B34\" stroke-width=\"3\" stroke-linecap=\"round\" stroke-linejoin=\"round\"><\/path><\/svg>\t\t\t\t<\/span>\n\t\t\t<\/div>\n\t\t\t\n\t\t\t\t\t\t<div class=\"elementor-icon-box-content\">\n\n\t\t\t\t\t\t\t\t\t<h3 class=\"elementor-icon-box-title\">\n\t\t\t\t\t\t<span  >\n\t\t\t\t\t\t\tZadajte ve\u013ekos\u0165 do kalkula\u010dky a vyberte ve\u013ekos\u0165.\t\t\t\t\t\t<\/span>\n\t\t\t\t\t<\/h3>\n\t\t\t\t\n\t\t\t\t\t\t\t\t\t<p class=\"elementor-icon-box-description\">\n\t\t\t\t\t\tZ\u00edskan\u00e9 rozmery zadajte do jednoduchej kalkula\u010dky. Potom vyberte typ a vzor podlahy (napr. rovn\u00fd vzor, \u0161achovnicov\u00fd vzor, diagon\u00e1lny vzor at\u010f.). Kalkula\u010dka automaticky vypo\u010d\u00edta potrebn\u00e9 mno\u017estvo materi\u00e1lu vr\u00e1tane rezervy a optimalizuje umiestnenie lamiel.\t\t\t\t\t<\/p>\n\t\t\t\t\n\t\t\t<\/div>\n\t\t\t\n\t\t<\/div>\n\t\t\t\t\t\t<\/div>\n\t\t\t\t<div class=\"elementor-element elementor-element-7d81f3f e-transform elementor-hidden-mobile elementor-view-default elementor-widget elementor-widget-icon\" data-id=\"7d81f3f\" data-element_type=\"widget\" data-e-type=\"widget\" data-settings=\"{&quot;_transform_rotateZ_effect&quot;:{&quot;unit&quot;:&quot;px&quot;,&quot;size&quot;:&quot;90&quot;,&quot;sizes&quot;:[]},&quot;_transform_rotateZ_effect_tablet&quot;:{&quot;unit&quot;:&quot;deg&quot;,&quot;size&quot;:&quot;&quot;,&quot;sizes&quot;:[]},&quot;_transform_rotateZ_effect_mobile&quot;:{&quot;unit&quot;:&quot;deg&quot;,&quot;size&quot;:&quot;&quot;,&quot;sizes&quot;:[]}}\" data-widget_type=\"icon.default\">\n\t\t\t\t\t\t\t<div class=\"elementor-icon-wrapper\">\n\t\t\t<div class=\"elementor-icon\">\n\t\t\t<svg xmlns=\"http:\/\/www.w3.org\/2000\/svg\" width=\"800px\" height=\"800px\" viewbox=\"0 0 24 24\" fill=\"none\"><path d=\"M4 12H20M20 12L16 8M20 12L16 16\" stroke=\"#000000\" stroke-width=\"2\" stroke-linecap=\"round\" stroke-linejoin=\"round\"><\/path><\/svg>\t\t\t<\/div>\n\t\t<\/div>\n\t\t\t\t\t\t<\/div>\n\t\t\t\t<\/div>\n\t\t\t\t\t<\/div>\n\t\t\t\t<\/div>\n\t\t<div class=\"elementor-element elementor-element-c7e5c08 e-flex e-con-boxed e-con e-parent\" data-id=\"c7e5c08\" data-element_type=\"container\" data-e-type=\"container\">\n\t\t\t\t\t<div class=\"e-con-inner\">\n\t\t<div class=\"elementor-element elementor-element-6bae52a e-con-full e-flex e-con e-child\" data-id=\"6bae52a\" data-element_type=\"container\" data-e-type=\"container\">\n\t\t\t\t<div class=\"elementor-element elementor-element-d67576f elementor-widget__width-initial elementor-view-default elementor-position-block-start elementor-mobile-position-block-start elementor-widget elementor-widget-icon-box\" data-id=\"d67576f\" data-element_type=\"widget\" data-e-type=\"widget\" data-widget_type=\"icon-box.default\">\n\t\t\t\t\t\t\t<div class=\"elementor-icon-box-wrapper\">\n\n\t\t\t\t\t\t<div class=\"elementor-icon-box-icon\">\n\t\t\t\t<span  class=\"elementor-icon\">\n\t\t\t\t<svg xmlns=\"http:\/\/www.w3.org\/2000\/svg\" width=\"89\" height=\"90\" viewbox=\"0 0 89 90\" fill=\"none\"><path d=\"M81.4043 7.5L41.0244 48.75\" stroke=\"black\" stroke-width=\"2\" stroke-linecap=\"round\" stroke-linejoin=\"round\"><\/path><path d=\"M81.4042 7.5L55.708 82.5L41.0244 48.75L7.98633 33.75L81.4042 7.5Z\" stroke=\"black\" stroke-width=\"2\" stroke-linecap=\"round\" stroke-linejoin=\"round\"><\/path><\/svg>\t\t\t\t<\/span>\n\t\t\t<\/div>\n\t\t\t\n\t\t\t\t\t\t<div class=\"elementor-icon-box-content\">\n\n\t\t\t\t\t\t\t\t\t<h3 class=\"elementor-icon-box-title\">\n\t\t\t\t\t\t<span  >\n\t\t\t\t\t\t\tPo\u0161lite n\u00e1m automaticky vytvoren\u00fd odkaz alebo PDF vytvorenej ponuky v pr\u00edlohe\t\t\t\t\t\t<\/span>\n\t\t\t\t\t<\/h3>\n\t\t\t\t\n\t\t\t\t\t\t\t\t\t<p class=\"elementor-icon-box-description\">\n\t\t\t\t\t\tPo vygenerovan\u00ed ponuky m\u00f4\u017eete e-mailom odosla\u0165 prepojenie alebo s\u00fabor PDF s podrobnos\u0165ami. N\u00e1\u0161 t\u00edm spracuje a skontroluje va\u0161u \u017eiados\u0165 a n\u00e1sledne v\u00e1s bude kontaktova\u0165 s potvrden\u00edm alebo \u010fal\u0161\u00edmi odpor\u00fa\u010daniami. Je to r\u00fdchly a pohodln\u00fd sp\u00f4sob, ako za\u010da\u0165 realizova\u0165 va\u0161u terasu. <strong>Ak je v\u0161etko v poriadku, kliknite na tla\u010didlo K\u00daPI\u0164 a pohodlne nakupujte online.<\/strong>\t\t\t\t\t<\/p>\n\t\t\t\t\n\t\t\t<\/div>\n\t\t\t\n\t\t<\/div>\n\t\t\t\t\t\t<\/div>\n\t\t\t\t<div class=\"elementor-element elementor-element-805de27 e-transform elementor-hidden-mobile elementor-view-default elementor-widget elementor-widget-icon\" data-id=\"805de27\" data-element_type=\"widget\" data-e-type=\"widget\" data-settings=\"{&quot;_transform_rotateZ_effect&quot;:{&quot;unit&quot;:&quot;px&quot;,&quot;size&quot;:&quot;90&quot;,&quot;sizes&quot;:[]},&quot;_transform_rotateZ_effect_tablet&quot;:{&quot;unit&quot;:&quot;deg&quot;,&quot;size&quot;:&quot;&quot;,&quot;sizes&quot;:[]},&quot;_transform_rotateZ_effect_mobile&quot;:{&quot;unit&quot;:&quot;deg&quot;,&quot;size&quot;:&quot;&quot;,&quot;sizes&quot;:[]}}\" data-widget_type=\"icon.default\">\n\t\t\t\t\t\t\t<div class=\"elementor-icon-wrapper\">\n\t\t\t<div class=\"elementor-icon\">\n\t\t\t<svg xmlns=\"http:\/\/www.w3.org\/2000\/svg\" width=\"800px\" height=\"800px\" viewbox=\"0 0 24 24\" fill=\"none\"><path d=\"M4 12H20M20 12L16 8M20 12L16 16\" stroke=\"#000000\" stroke-width=\"2\" stroke-linecap=\"round\" stroke-linejoin=\"round\"><\/path><\/svg>\t\t\t<\/div>\n\t\t<\/div>\n\t\t\t\t\t\t<\/div>\n\t\t\t\t<div class=\"elementor-element elementor-element-c520472 elementor-absolute e-transform elementor-hidden-mobile elementor-view-default elementor-widget elementor-widget-icon\" data-id=\"c520472\" data-element_type=\"widget\" data-e-type=\"widget\" data-settings=\"{&quot;_position&quot;:&quot;absolute&quot;,&quot;_transform_rotateZ_effect&quot;:{&quot;unit&quot;:&quot;px&quot;,&quot;size&quot;:&quot;180&quot;,&quot;sizes&quot;:[]},&quot;_transform_rotateZ_effect_tablet&quot;:{&quot;unit&quot;:&quot;deg&quot;,&quot;size&quot;:&quot;&quot;,&quot;sizes&quot;:[]},&quot;_transform_rotateZ_effect_mobile&quot;:{&quot;unit&quot;:&quot;deg&quot;,&quot;size&quot;:&quot;&quot;,&quot;sizes&quot;:[]}}\" data-widget_type=\"icon.default\">\n\t\t\t\t\t\t\t<div class=\"elementor-icon-wrapper\">\n\t\t\t<div class=\"elementor-icon\">\n\t\t\t<svg xmlns=\"http:\/\/www.w3.org\/2000\/svg\" width=\"800px\" height=\"800px\" viewbox=\"0 0 24 24\" fill=\"none\"><path d=\"M4 12H20M20 12L16 8M20 12L16 16\" stroke=\"#000000\" stroke-width=\"2\" stroke-linecap=\"round\" stroke-linejoin=\"round\"><\/path><\/svg>\t\t\t<\/div>\n\t\t<\/div>\n\t\t\t\t\t\t<\/div>\n\t\t\t\t<\/div>\n\t\t<div class=\"elementor-element elementor-element-bf8b5bf e-con-full e-flex e-con e-child\" data-id=\"bf8b5bf\" data-element_type=\"container\" data-e-type=\"container\">\n\t\t\t\t<div class=\"elementor-element elementor-element-7dd2440 elementor-widget__width-initial elementor-view-default elementor-position-block-start elementor-mobile-position-block-start elementor-widget elementor-widget-icon-box\" data-id=\"7dd2440\" data-element_type=\"widget\" data-e-type=\"widget\" data-widget_type=\"icon-box.default\">\n\t\t\t\t\t\t\t<div class=\"elementor-icon-box-wrapper\">\n\n\t\t\t\t\t\t<div class=\"elementor-icon-box-icon\">\n\t\t\t\t<span  class=\"elementor-icon\">\n\t\t\t\t<svg xmlns=\"http:\/\/www.w3.org\/2000\/svg\" width=\"115\" height=\"120\" viewbox=\"0 0 115 120\" fill=\"none\"><path d=\"M67.0821 90C88.1669 90 105.259 72.0915 105.259 50C105.259 27.9086 88.1669 10 67.0821 10C45.9973 10 28.9048 27.9086 28.9048 50C28.9048 72.0915 45.9973 90 67.0821 90Z\" stroke=\"#141B34\" stroke-width=\"3\" stroke-linecap=\"round\"><\/path><path d=\"M15.3357 55C11.8457 60.588 9.81641 67.2675 9.81641 74.444C9.81641 94.081 25.0099 110 43.752 110C50.6017 110 56.9768 107.874 62.3102 104.217\" stroke=\"#141B34\" stroke-width=\"3\" stroke-linecap=\"round\"><\/path><path d=\"M81.3986 62.4615C79.1156 66.9785 74.9619 70 70.2165 70C63.0115 70 57.1708 63.0355 57.1708 54.4445V45.5555C57.1708 36.9644 63.0115 30 70.2165 30C74.9619 30 79.1156 33.0213 81.3986 37.5387M52.7656 50H71.4873\" stroke=\"#141B34\" stroke-width=\"3\" stroke-linecap=\"round\"><\/path><\/svg>\t\t\t\t<\/span>\n\t\t\t<\/div>\n\t\t\t\n\t\t\t\t\t\t<div class=\"elementor-icon-box-content\">\n\n\t\t\t\t\t\t\t\t\t<h3 class=\"elementor-icon-box-title\">\n\t\t\t\t\t\t<span  >\n\t\t\t\t\t\t\tKliknut\u00edm na tla\u010didlo TERASA ARRANGEMENT z\u00edskate cenu va\u0161ej terasy\t\t\t\t\t\t<\/span>\n\t\t\t\t\t<\/h3>\n\t\t\t\t\n\t\t\t\t\t\t\t\t\t<p class=\"elementor-icon-box-description\">\n\t\t\t\t\t\tPo vyplnen\u00ed \u00fadajov a vo\u013ebe ulo\u017eenia kliknite na tla\u010didlo \"START TERRACE\". Syst\u00e9m v\u00e1m ihne\u010f zobraz\u00ed orienta\u010dn\u00fa cenu celej terasy vr\u00e1tane v\u0161etk\u00fdch komponentov (napr. podkon\u0161trukcia, spojovac\u00ed materi\u00e1l at\u010f.). Z\u00edskate tak predstavu o invest\u00edcii bez toho, aby ste museli kontaktova\u0165 predajcu.\t\t\t\t\t<\/p>\n\t\t\t\t\n\t\t\t<\/div>\n\t\t\t\n\t\t<\/div>\n\t\t\t\t\t\t<\/div>\n\t\t\t\t<\/div>\n\t\t\t\t\t<\/div>\n\t\t\t\t<\/div>\n\t\t<div class=\"elementor-element elementor-element-2e08ccd e-flex e-con-boxed e-con e-parent\" data-id=\"2e08ccd\" data-element_type=\"container\" data-e-type=\"container\">\n\t\t\t\t\t<div class=\"e-con-inner\">\n\t\t<div class=\"elementor-element elementor-element-d563f58 e-con-full e-flex e-con e-child\" data-id=\"d563f58\" data-element_type=\"container\" data-e-type=\"container\">\n\t\t\t\t<div class=\"elementor-element elementor-element-ccca966 elementor-widget__width-initial elementor-view-default elementor-position-block-start elementor-mobile-position-block-start elementor-widget elementor-widget-icon-box\" data-id=\"ccca966\" data-element_type=\"widget\" data-e-type=\"widget\" data-widget_type=\"icon-box.default\">\n\t\t\t\t\t\t\t<div class=\"elementor-icon-box-wrapper\">\n\n\t\t\t\t\t\t<div class=\"elementor-icon-box-icon\">\n\t\t\t\t<span  class=\"elementor-icon\">\n\t\t\t\t<svg xmlns=\"http:\/\/www.w3.org\/2000\/svg\" width=\"112\" height=\"86\" viewbox=\"0 0 112 86\" fill=\"none\"><path d=\"M75.4179 2H2V61.2222H75.4179V2Z\" stroke=\"black\" stroke-width=\"3\" stroke-linecap=\"round\" stroke-linejoin=\"round\"><\/path><path d=\"M75.418 24.7778H94.9961L109.68 38.4445V61.2223H75.418V24.7778Z\" stroke=\"black\" stroke-width=\"3\" stroke-linecap=\"round\" stroke-linejoin=\"round\"><\/path><path d=\"M24.0254 83.9999C30.7833 83.9999 36.2617 78.901 36.2617 72.6111C36.2617 66.3211 30.7833 61.2222 24.0254 61.2222C17.2674 61.2222 11.7891 66.3211 11.7891 72.6111C11.7891 78.901 17.2674 83.9999 24.0254 83.9999Z\" stroke=\"black\" stroke-width=\"3\" stroke-linecap=\"round\" stroke-linejoin=\"round\"><\/path><path d=\"M87.6543 83.9999C94.4122 83.9999 99.8906 78.901 99.8906 72.6111C99.8906 66.3211 94.4122 61.2222 87.6543 61.2222C80.8964 61.2222 75.418 66.3211 75.418 72.6111C75.418 78.901 80.8964 83.9999 87.6543 83.9999Z\" stroke=\"black\" stroke-width=\"3\" stroke-linecap=\"round\" stroke-linejoin=\"round\"><\/path><\/svg>\t\t\t\t<\/span>\n\t\t\t<\/div>\n\t\t\t\n\t\t\t\t\t\t<div class=\"elementor-icon-box-content\">\n\n\t\t\t\t\t\t\t\t\t<h3 class=\"elementor-icon-box-title\">\n\t\t\t\t\t\t<span  >\n\t\t\t\t\t\t\t Podlahu posielame v r\u00e1mci celej \u010ceskej republiky\t\t\t\t\t\t<\/span>\n\t\t\t\t\t<\/h3>\n\t\t\t\t\n\t\t\t\t\t\t\t\t\t<p class=\"elementor-icon-box-description\">\n\t\t\t\t\t\tPo schv\u00e1len\u00ed ponuky a dokon\u010den\u00ed objedn\u00e1vky zabezpe\u010d\u00edme doru\u010denie materi\u00e1lu priamo na va\u0161u adresu kdeko\u013evek v \u010ceskej republike. Doprava je spo\u013eahliv\u00e1 a bezpe\u010dne zabalen\u00e1, aby sa podlaha dostala v perfektnom stave a pripraven\u00e1 na in\u0161tal\u00e1ciu.\t\t\t\t\t<\/p>\n\t\t\t\t\n\t\t\t<\/div>\n\t\t\t\n\t\t<\/div>\n\t\t\t\t\t\t<\/div>\n\t\t\t\t<\/div>\n\t\t<div class=\"elementor-element elementor-element-b03ce35 e-con-full e-flex e-con e-child\" data-id=\"b03ce35\" data-element_type=\"container\" data-e-type=\"container\">\n\t\t\t\t<\/div>\n\t\t\t\t\t<\/div>\n\t\t\t\t<\/div>\n\t\t\t\t<\/div>","protected":false},"excerpt":{"rendered":"<p>Cenov\u00e1 nab\u00eddka ihned, \u017e\u00e1dn\u00e9 \u010dek\u00e1n\u00ed a \u017e\u00e1dn\u00e9 skryt\u00e9 n\u00e1klady! S na\u0161\u00ed inteligentn\u00ed online kalkula\u010dkou z\u00edsk\u00e1te okam\u017eit\u00fd v\u00fdpo\u010det p\u0159esn\u00e9ho mno\u017estv\u00ed desek pro v\u00e1\u0161 balkon nebo terasu. Ani\u017e byste museli \u010dekat na cenovou nab\u00eddku. \u017d\u00e1dn\u00fd p\u0159ebyte\u010dn\u00fd odpad. Plat\u00edte jen za to, co skute\u010dn\u011b pot\u0159ebujete \u017d\u00e1dn\u00e9 \u0161rouby, \u017e\u00e1dn\u00e9 mont\u00e1\u017en\u00ed poplatky. Snadn\u00e1 mont\u00e1\u017e bez \u0159ez\u00e1n\u00ed a \u0159ez\u00e1n\u00ed. Pokud nem\u00e1te [&hellip;]<\/p>\n","protected":false},"author":1,"featured_media":0,"parent":0,"menu_order":0,"comment_status":"closed","ping_status":"closed","template":"","meta":{"footnotes":""},"class_list":["post-357","page","type-page","status-publish","hentry"],"_links":{"self":[{"href":"https:\/\/www.gumideck.cz\/sk\/wp-json\/wp\/v2\/pages\/357","targetHints":{"allow":["GET"]}}],"collection":[{"href":"https:\/\/www.gumideck.cz\/sk\/wp-json\/wp\/v2\/pages"}],"about":[{"href":"https:\/\/www.gumideck.cz\/sk\/wp-json\/wp\/v2\/types\/page"}],"author":[{"embeddable":true,"href":"https:\/\/www.gumideck.cz\/sk\/wp-json\/wp\/v2\/users\/1"}],"replies":[{"embeddable":true,"href":"https:\/\/www.gumideck.cz\/sk\/wp-json\/wp\/v2\/comments?post=357"}],"version-history":[{"count":83,"href":"https:\/\/www.gumideck.cz\/sk\/wp-json\/wp\/v2\/pages\/357\/revisions"}],"predecessor-version":[{"id":4598,"href":"https:\/\/www.gumideck.cz\/sk\/wp-json\/wp\/v2\/pages\/357\/revisions\/4598"}],"wp:attachment":[{"href":"https:\/\/www.gumideck.cz\/sk\/wp-json\/wp\/v2\/media?parent=357"}],"curies":[{"name":"wp","href":"https:\/\/api.w.org\/{rel}","templated":true}]}}