{"id":4044,"date":"2025-03-24T12:02:34","date_gmt":"2025-03-24T11:02:34","guid":{"rendered":"https:\/\/www.gumideck.cz\/?page_id=4044"},"modified":"2025-03-24T12:03:06","modified_gmt":"2025-03-24T11:03:06","slug":"zaruka","status":"publish","type":"page","link":"https:\/\/www.gumideck.cz\/sk\/zaruka\/","title":{"rendered":"Z\u00e1ruka"},"content":{"rendered":"<div data-elementor-type=\"wp-page\" data-elementor-id=\"4044\" class=\"elementor elementor-4044\" data-elementor-post-type=\"page\">\n\t\t\t\t<div class=\"elementor-element elementor-element-eb5041d e-flex e-con-boxed e-con e-parent\" data-id=\"eb5041d\" data-element_type=\"container\" data-e-type=\"container\">\n\t\t\t\t\t<div class=\"e-con-inner\">\n\t\t\t\t<div class=\"elementor-element elementor-element-eaa5abd elementor-widget elementor-widget-text-editor\" data-id=\"eaa5abd\" data-element_type=\"widget\" data-e-type=\"widget\" data-widget_type=\"text-editor.default\">\n\t\t\t\t\t\t\t\t\t<h3 class=\"header_color\">1. Predmet a v\u0161eobecn\u00e9 pravidl\u00e1 z\u00e1ruky:<\/h3><p>Z\u00e1ruka na konektory GUMI je desa\u0165 (10) rokov. Po\u010das tohto obdobia v\u00fdrobca zaru\u010duje \u017eivotnos\u0165 (mechanick\u00fa odolnos\u0165) spojovac\u00edch prvkov, ktor\u00e1 umo\u017e\u0148uje ich be\u017en\u00e9 pou\u017e\u00edvanie v s\u00falade s ich pou\u017eit\u00edm. Na dosky GUMI sa vz\u0165ahuje z\u00e1ruka 2 (dva) roky. Z\u00e1ruka zaru\u010duje vysok\u00fa technick\u00fa kvalitu v\u00fdkonu jednotliv\u00fdch prvkov syst\u00e9mu GUMI a trvanlivos\u0165 v\u00fdrobku (odolnos\u0165 vo\u010di biologickej degrad\u00e1cii), \u010do umo\u017e\u0148uje be\u017en\u00e9 pou\u017e\u00edvanie v s\u00falade s jeho ur\u010den\u00fdm pou\u017eit\u00edm. Z\u00e1ruka plat\u00ed v s\u00falade s podmienkami uveden\u00fdmi v dokumente \"Pravidl\u00e1 in\u0161tal\u00e1cie a pou\u017e\u00edvania terasy Gumi.<\/p><h3 class=\"header_color\">2. Z\u00e1ru\u010dn\u00e9 podmienky<\/h3><p>Z\u00e1ru\u010dn\u00e1 doba sa po\u010d\u00edta od d\u00e1tumu zak\u00fapenia v\u00fdrobku uveden\u00e9ho v predajnom doklade (fakt\u00fare) vystavenom pred\u00e1vaj\u00facim. Z\u00e1ruka sa poskytuje na z\u00e1klade z\u00e1ru\u010dn\u00e9ho listu, ktor\u00fd mus\u00ed by\u0165 pri predaji vyplnen\u00fd a ope\u010diatkovan\u00fd pred\u00e1vaj\u00facim. Pred\u00e1vaj\u00faci sa zav\u00e4zuje poskytn\u00fa\u0165 kupuj\u00facemu z\u00e1ru\u010dn\u00fd list v pr\u00edpade ne\u0161tandardnej terasy. Tento z\u00e1ru\u010dn\u00fd list je platn\u00fd len spolu s dokladom potvrdzuj\u00facim k\u00fapu v\u00fdrobku (fakt\u00farou\/pokladni\u010dn\u00fdm dokladom). V ostatn\u00fdch pr\u00edpadoch posta\u010duje fakt\u00fara.<\/p><h3 class=\"header_color\">3. V\u00fdluky - pr\u00edpady, na ktor\u00e9 sa nevz\u0165ahuje z\u00e1ruka:<\/h3><ul><li>plochy pre verejn\u00e9 slu\u017eby s vysokou frekvenciou pohybu<\/li><li>miesta vystaven\u00e9 chemicky agres\u00edvnym faktorom<\/li><li>terasy in\u0161talovan\u00e9 v bl\u00edzkosti v\u00fdrobn\u00fdch, skladovac\u00edch alebo servisn\u00fdch zariaden\u00ed, ktor\u00e9 m\u00f4\u017eu by\u0165 zdrojom zne\u010distenia, najm\u00e4 maz\u00edv, \u010distiacich prostriedkov, umel\u00fdch hnoj\u00edv at\u010f.<\/li><li>oblasti, kde sa pohybuj\u00fa motorov\u00e9 vozidl\u00e1 inak ako pe\u0161o<\/li><li>zmeny povrchu terasy sp\u00f4soben\u00e9 pou\u017e\u00edvan\u00edm, t. j.: odieranie, zne\u010distenie, mechanick\u00e9 po\u0161kodenie, lok\u00e1lna strata farby at\u010f.<\/li><li>farebn\u00e9 zmeny dosiek a spojovac\u00edch prvkov sp\u00f4soben\u00e9 priamym slne\u010dn\u00fdm \u017eiaren\u00edm, agres\u00edvnymi chemick\u00fdmi alebo biologick\u00fdmi faktormi, dlhodob\u00fdm zadr\u017eiavan\u00edm snehu, priamym vystaven\u00edm pobre\u017en\u00fdm klimatick\u00fdm podmienkam (morsk\u00fd v\u00e1nok), priamou bl\u00edzkos\u0165ou vodn\u00fdch n\u00e1dr\u017e\u00ed, priamym kontaktom s veget\u00e1ciou (najm\u00e4 prerastenou tr\u00e1vou), priamym kontaktom s prvkami vyroben\u00fdmi z kovu. \u010cierne sfarbenie vzniknut\u00e9 v d\u00f4sledku dlhodob\u00e9ho kontaktu s predmetmi le\u017eiacimi na povrchu terasy.<\/li><li>mechanick\u00e9 po\u0161kodenie sp\u00f4soben\u00e9 tlakom alebo n\u00e1razom \u0165a\u017ek\u00fdch a tvrd\u00fdch predmetov<\/li><li>mechanick\u00e9 po\u0161kodenie, po\u0161kriabanie, \u0161krabance, prelia\u010diny, rezn\u00e9 rany, povrchov\u00e9 po\u0161kodenie a in\u00e9 po\u0161kodenie sp\u00f4soben\u00e9 tlakom alebo n\u00e1razom \u0165a\u017ek\u00e9ho tvrd\u00e9ho predmetu alebo sp\u00f4soben\u00e9 nespr\u00e1vnou starostlivos\u0165ou, nespr\u00e1vnou \u00fadr\u017ebou, nespr\u00e1vnou in\u0161tal\u00e1ciou, nespr\u00e1vnym skladovan\u00edm alebo prepravou<\/li><li>mechanick\u00e9 po\u0161kodenia, ktor\u00e9 nie s\u00fa vidite\u013en\u00e9 po in\u0161tal\u00e1cii v\u00fdrobku, ak nemaj\u00fa vplyv na mo\u017enos\u0165 in\u0161tal\u00e1cie a riadneho pou\u017e\u00edvania v\u00fdrobku, zmena farby terakoty, fas\u00e1dy a in\u00fdch prvkov pri\u013eahl\u00fdch k dosk\u00e1m Gumi je d\u00f4sledkom vyplavovania trieslov\u00edn alebo oleja z dreva<\/li><li>\u00fa\u010dinkom po\u017eiaru alebo vystaveniu v\u00fdrobku vysok\u00fdm teplot\u00e1m<\/li><li>pou\u017eitie syst\u00e9mu GUMI na dan\u00fd \u00fa\u010del (\u00faprava schodov, parapetov, r\u00edms at\u010f.)<\/li><li>rozdiel medzi skuto\u010dn\u00fdm rozmerom a teoretick\u00fdm rozmerom terasy v projekte je povolen\u00fd rozdiel pre ka\u017ed\u00fd rozmer +\/- 1 cm<\/li><li>rozmerov\u00e9 zmeny dosiek s\u00favisiace so zmr\u0161\u0165ovan\u00edm a vysychan\u00edm dreva nenaru\u0161uj\u00fa be\u017en\u00e9 pou\u017e\u00edvanie terasy (terasa GUMI je \"pl\u00e1vaj\u00faca terasa\", ktor\u00e1 nie je trvalo pripevnen\u00e1 k zemi)<\/li><li>prirodzen\u00e9 praskliny na povrchu a povrchu a drobn\u00e9 \u0161truktur\u00e1lne povrchov\u00e9 odl\u00fapenia, ktor\u00e9 sa vyskytuj\u00fa v dreve v d\u00f4sledku vystavenia zmenen\u00fdm klimatick\u00fdm podmienkam, ktor\u00e9 nebr\u00e1nia jeho be\u017en\u00e9mu pou\u017e\u00edvaniu.<\/li><\/ul><h4 class=\"header_color\">3.1 Kedy je povinn\u00e1 pr\u00edloha \"PRIJATIE TERASY\"?<\/h4><p>Pr\u00edlohu \"PRIJATIE TERASY\" vypln\u00ed predajca terasy GUMI a vy\u017eaduje sa, ak terasa sp\u013a\u0148a jednu z nasleduj\u00facich podmienok:<\/p><ul><li>terasa je zahrnut\u00e1 do defin\u00edcie ve\u013ekej terasy (bod 3.1.)<\/li><li>terasa m\u00e1 nepravideln\u00fd tvar, \u0161ikm\u00fd \/ alebo obl\u00fakovit\u00fd tvar<\/li><li>je tu schodisko<\/li><li>o\u0161etrenie ved\u013ea terasy<\/li><\/ul><h4 class=\"header_color\">3.2 \u0160TANDARDN\u00c9 TERASY A VE\u013dK\u00c9 TERASY - v\u0161eobecn\u00e9 inform\u00e1cie<\/h4><p>Terasy s\u00fa rozdelen\u00e9 do dvoch kateg\u00f3ri\u00ed: \u0161tandardn\u00e9 terasy a ve\u013ek\u00e9 terasy. Ak je terasa zaraden\u00e1 do defin\u00edcie ve\u013ekej terasy, je potrebn\u00e9 vyplni\u0165 dodato\u010dn\u00fa pr\u00edlohu \"Prevzatie terasy\" alebo potvrdenie z obchodn\u00e9ho oddelenia, ak je terasa zaraden\u00e1 do defin\u00edcie \u0161tandardnej terasy, pr\u00edloha \"Prevzatie terasy\" nie je povinn\u00e1.<br \/><br \/>Terasy s\u00fa rozdelen\u00e9 na ve\u013ek\u00e9 a \u0161tandardn\u00e9. Predpoklad\u00e1 sa, \u017ee ve\u013ek\u00e1, \u0161irok\u00e1 terasa je plocha, ktorej \u0161\u00edrka meran\u00e1 pozd\u013a\u017e dosiek je v\u00e4\u010d\u0161ia ako 2,5 m (d\u013a\u017eka terasy meran\u00e1 pozd\u013a\u017e dosiek nie je d\u00f4le\u017eit\u00e1 - m\u00f4\u017ee by\u0165 \u013eubovo\u013en\u00e1).<br \/><br \/>Pokia\u013e ide o vzor \"\u0161tvorcov\", terasa sa pova\u017euje za \u0161tandardn\u00fa terasu, ak jej rozmery: \u0161\u00edrka a d\u013a\u017eka nepresahuj\u00fa 250 cm.<br \/><br \/>V\u0161etky terasy, ktor\u00e9 nesp\u013a\u0148aj\u00fa defin\u00edciu \u0161tandardn\u00fdch ter\u00e1s, sa pova\u017euj\u00fa za ve\u013ek\u00e9 terasy.<br \/><br \/>Kalkula\u010dka na webovej str\u00e1nke automaticky skontroluje ka\u017ed\u00fa nakonfigurovan\u00fa terasu a zobraz\u00ed v\u00fdsledn\u00fd v\u00fdpo\u010det. Okrem toho sa v s\u00fabore PDF vytvorenom kalkula\u010dkou poskytuje inform\u00e1cia o tom, \u010di je terasa ve\u013ek\u00e1. V pr\u00edpade ve\u013ek\u00fdch ter\u00e1s a ter\u00e1s so schodmi je potrebn\u00e9 pred n\u00e1kupom kontaktova\u0165 obchodn\u00e9 oddelenie distrib\u00fatora a vyplni\u0165 pr\u00edlohu z\u00e1ru\u010dn\u00e9ho listu.<br \/><br \/><\/p><h4 class=\"header_color\">3.3 Ve\u013ek\u00e9 terasy - dilata\u010dn\u00e9 \u0161k\u00e1ry<\/h4><p>Pri navrhovan\u00ed a n\u00e1slednej pokl\u00e1dke ve\u013ek\u00fdch ter\u00e1s nezabudnite na ponechanie vhodn\u00fdch dilata\u010dn\u00fdch \u0161k\u00e1r na strane terasy, odpor\u00fa\u010dania pre ve\u013ekos\u0165 dilata\u010dn\u00fdch \u0161k\u00e1r n\u00e1jdete v z\u00e1ru\u010dnom liste. Pri pou\u017eit\u00ed vzoru \"tehly\" a \"rady\" sa dilata\u010dn\u00e9 \u0161k\u00e1ry pou\u017e\u00edvaj\u00fa len \"po \u0161\u00edrke terasy\", pri\u010dom steny (st\u013apiky z\u00e1bradlia at\u010f.) s\u00fa rovnobe\u017en\u00e9 so smerom dosiek. Ich \u0161\u00edrka mus\u00ed by\u0165 minim\u00e1lne 1,5% \u0161\u00edrky terasy v danom mieste. Dilata\u010dn\u00e9 \u0161k\u00e1ry sa na \"d\u013a\u017eke terasy\" nevy\u017eaduj\u00fa.<br \/>Pri pou\u017eit\u00ed \"\u0161tvorcov\u00e9ho\" vzoru by mali by\u0165 na ka\u017edej strane terasy ponechan\u00e9 dilata\u010dn\u00e9 \u0161k\u00e1ry a v danom mieste by malo by\u0165 minim\u00e1lne 1,5% ve\u013ekosti terasy.<\/p><p>\u00a0<\/p><h3 class=\"header_color\">4. Starostlivos\u0165 o terasu po\u010das z\u00e1ru\u010dnej doby<\/h3><p>\u00a0<\/p><h4 class=\"header_color\">4.1 Frekvencia pravidelnej \u00fadr\u017eby - nezastre\u0161en\u00e9 a \u010diasto\u010dne zastre\u0161en\u00e9 terasy<\/h4><p>Ak sa dreven\u00e1 terasa GUMI nach\u00e1dza v nezastre\u0161enom priestore, je potrebn\u00e9 aspo\u0148 raz ro\u010dne vykona\u0165 d\u00f4kladn\u00fa starostlivos\u0165 o povrch. D\u00f4kladn\u00e1 starostlivos\u0165 by sa mala vykona\u0165 za\u010diatkom jari, akon\u00e1hle teplota vzduchu dosiahne nepretr\u017eite po\u010das d\u0148a viac ako 10 stup\u0148ov Celzia.<\/p><h4 class=\"header_color\">4.2 Frekvencia pravidelnej \u00fadr\u017eby - Terasy s\u00fa plne pokryt\u00e9<\/h4><p>V pr\u00edpade plne zastre\u0161en\u00fdch dreven\u00fdch ter\u00e1s sa obdobie medzi d\u00f4kladnou \u00fadr\u017ebou olejom m\u00f4\u017ee pred\u013a\u017ei\u0165 na 2 a\u017e 4 roky (v z\u00e1vislosti od stup\u0148a opotrebovania povrchu terasy). \u00dadr\u017ebu je najlep\u0161ie vykon\u00e1va\u0165 na jar po zimnej sez\u00f3ne.<\/p><p>\u00a0<\/p><h3 class=\"header_color\">5. Postup pod\u00e1vania s\u0165a\u017enost\u00ed<\/h3><p>Ak sa zist\u00ed, \u017ee v\u00fdrobok je chybn\u00fd, vzh\u013eadom na z\u00e1sady uveden\u00e9 v tomto dokumente je potrebn\u00e9 poda\u0165 reklam\u00e1ciu p\u00edsomne alebo e-mailom predajcovi, u ktor\u00e9ho bol v\u00fdrobok zak\u00fapen\u00fd. \u017diados\u0165 mus\u00ed by\u0165 podan\u00e1 najnesk\u00f4r do dvoch t\u00fd\u017ed\u0148ov odo d\u0148a zistenia vady. Predajca mus\u00ed o reklam\u00e1cii bezodkladne informova\u0165 v\u00fdrobcu e-mailom alebo faxom.<br \/><br \/>S\u0165a\u017enos\u0165 by mala obsahova\u0165:<\/p><ul><li>k\u00f3piu z\u00e1ru\u010dnej listiny spolu s pr\u00edlohou 1 (ak sa po\u017eaduje a vypln\u00ed)<\/li><li>k\u00f3piu \u00fa\u010dtenky\/fakt\u00fary potvrdzuj\u00facej n\u00e1kup v\u00fdrobku.<\/li><li>fotografia chybn\u00e9ho v\u00fdrobku<\/li><\/ul><p>Pred\u00e1vaj\u00faci odpovie na riadne vyplnen\u00e9 a \u00fapln\u00e9 ozn\u00e1menie o reklam\u00e1cii do 14 dn\u00ed od prijatia \u017eiadosti o reklam\u00e1ciu. V pr\u00edpade reklam\u00e1cie a zistenia z\u00e1va\u017enej vady, ktor\u00e1 br\u00e1ni be\u017en\u00e9mu pou\u017e\u00edvaniu v\u00fdrobku, v\u00fdrobca - predajca vymen\u00ed vadn\u00fd v\u00fdrobok za v\u00fdrobok bez v\u00e1d. V takom pr\u00edpade je klient povinn\u00fd vadn\u00fd v\u00fdrobok rozobra\u0165 a zabali\u0165 a na \u017eiados\u0165 pred\u00e1vaj\u00faceho zasla\u0165 v\u00fdrobok sp\u00e4\u0165 pred\u00e1vaj\u00facemu. V\u00fdrobca za\u0161le na vlastn\u00e9 n\u00e1klady nov\u00fd v\u00fdrobok v rovnakom mno\u017estve, ako zaslal z\u00e1kazn\u00edk.<br \/><br \/>Finan\u010dn\u00e1 zodpovednos\u0165 pred\u00e1vaj\u00faceho je presne rovnak\u00e1 ako hodnota zak\u00fapen\u00e9ho v\u00fdrobku, ktor\u00fd je predmetom reklam\u00e1cie.<br \/><br \/>T\u00e1to z\u00e1ruka kvality nevylu\u010duje ani neobmedzuje pr\u00e1va vypl\u00fdvaj\u00face zo v\u0161eobecne platn\u00fdch pr\u00e1vnych predpisov.<br \/><br \/>Pred\u00e1vaj\u00faci poskytuje z\u00e1ruku, ktor\u00e1 sa vz\u0165ahuje na \u00fazemie Slovenskej republiky.<\/p>\t\t\t\t\t\t\t\t<\/div>\n\t\t\t\t\t<\/div>\n\t\t\t\t<\/div>\n\t\t\t\t<\/div>","protected":false},"excerpt":{"rendered":"<p>1. Predmet \u00fapravy a v\u0161eobecn\u00e9 pravidl\u00e1 z\u00e1ruky: Z\u00e1ruka sa poskytuje na dobu 10 rokov (desa\u0165) pre konektory syst\u00e9mu GUMI. Po\u010das tejto doby v\u00fdrobca zaru\u010duje trvanlivos\u0165 (mechanick\u00fa odolnos\u0165) spojovac\u00edch materi\u00e1lov, \u010do umo\u017e\u0148uje be\u017en\u00e9 pou\u017e\u00edvanie v s\u00falade s ich pou\u017eit\u00edm. Dosky GUMI s\u00fa pokryt\u00e9 2-ro\u010dnou z\u00e1rukou (dva). Z\u00e1ruka zaru\u010duje vysok\u00fa technick\u00fa kvalitu v\u00fdkonu jednotliv\u00fdch prvkov syst\u00e9mu GUMI [&hellip;]<\/p>\n","protected":false},"author":1,"featured_media":0,"parent":0,"menu_order":0,"comment_status":"closed","ping_status":"closed","template":"","meta":{"footnotes":""},"class_list":["post-4044","page","type-page","status-publish","hentry"],"_links":{"self":[{"href":"https:\/\/www.gumideck.cz\/sk\/wp-json\/wp\/v2\/pages\/4044","targetHints":{"allow":["GET"]}}],"collection":[{"href":"https:\/\/www.gumideck.cz\/sk\/wp-json\/wp\/v2\/pages"}],"about":[{"href":"https:\/\/www.gumideck.cz\/sk\/wp-json\/wp\/v2\/types\/page"}],"author":[{"embeddable":true,"href":"https:\/\/www.gumideck.cz\/sk\/wp-json\/wp\/v2\/users\/1"}],"replies":[{"embeddable":true,"href":"https:\/\/www.gumideck.cz\/sk\/wp-json\/wp\/v2\/comments?post=4044"}],"version-history":[{"count":4,"href":"https:\/\/www.gumideck.cz\/sk\/wp-json\/wp\/v2\/pages\/4044\/revisions"}],"predecessor-version":[{"id":4048,"href":"https:\/\/www.gumideck.cz\/sk\/wp-json\/wp\/v2\/pages\/4044\/revisions\/4048"}],"wp:attachment":[{"href":"https:\/\/www.gumideck.cz\/sk\/wp-json\/wp\/v2\/media?parent=4044"}],"curies":[{"name":"wp","href":"https:\/\/api.w.org\/{rel}","templated":true}]}}