{"id":4050,"date":"2025-03-24T12:10:04","date_gmt":"2025-03-24T11:10:04","guid":{"rendered":"https:\/\/www.gumideck.cz\/?page_id=4050"},"modified":"2025-03-24T12:12:05","modified_gmt":"2025-03-24T11:12:05","slug":"montaz","status":"publish","type":"page","link":"https:\/\/www.gumideck.cz\/sk\/montaz\/","title":{"rendered":"In\u0161tal\u00e1cia"},"content":{"rendered":"<div data-elementor-type=\"wp-page\" data-elementor-id=\"4050\" class=\"elementor elementor-4050\" data-elementor-post-type=\"page\">\n\t\t\t\t<div class=\"elementor-element elementor-element-2a958a1 e-flex e-con-boxed e-con e-parent\" data-id=\"2a958a1\" data-element_type=\"container\" data-e-type=\"container\">\n\t\t\t\t\t<div class=\"e-con-inner\">\n\t\t\t\t<div class=\"elementor-element elementor-element-9783fc8 elementor-widget elementor-widget-text-editor\" data-id=\"9783fc8\" data-element_type=\"widget\" data-e-type=\"widget\" data-widget_type=\"text-editor.default\">\n\t\t\t\t\t\t\t\t\t<section class=\"section m-none\"><div class=\"container\"><h3 class=\"header_color\">V\u0161eobecn\u00e9 inform\u00e1cie<\/h3><p>Dreven\u00e9 palubovky GUMI s\u00fa pripraven\u00e9 na jednoduch\u00fa, r\u00fdchlu a bezprobl\u00e9mov\u00fa mont\u00e1\u017e bez pou\u017eitia \u0161peci\u00e1lneho dodato\u010dn\u00e9ho n\u00e1radia. Dreven\u00e9 palubovky GUMIdeck s\u00fa zn\u00e1me aj pod n\u00e1zvom \"Dreven\u00e9 palubovky\" a s\u00fa vyroben\u00e9 z odoln\u00e9ho pr\u00edrodn\u00e9ho termo jase\u0148ov\u00e9ho dreva. Terasov\u00e9 dosky s\u00fa strojovo olejovan\u00e9 pomocou vybran\u00fdch \u0161peci\u00e1lnych olejov s pr\u00eddavkom UV filtrov a farebn\u00fdch pigmentov, ktor\u00e9 chr\u00e1nia dosky pred intenz\u00edvnym slne\u010dn\u00fdm \u017eiaren\u00edm a n\u00e1hlymi zmenami teploty.<br \/><br \/>Tepelne spracovan\u00e9 dosky z prav\u00e9ho dreva s jednoduch\u00fdm syst\u00e9mom kliknutia, ktor\u00fd umo\u017e\u0148uje jednoduch\u00fa mont\u00e1\u017e a demont\u00e1\u017e, m\u00f4\u017eu vytv\u00e1ra\u0165 r\u00f4zne vzory ulo\u017eenia. Dosky sa m\u00f4\u017eu pou\u017e\u00edva\u0165 kedyko\u013evek po\u010das roka. Spojovacia spojka je proti\u0161mykov\u00e1, stabiln\u00e1 v zemi a m\u00e1 vysok\u00fa nosnos\u0165.<br \/><br \/><strong>Rozsah p\u00f4sobnosti :\u00a0<\/strong>Terasa, balk\u00f3n, exteri\u00e9r, interi\u00e9r, z\u00e1hrada pre \u0161peci\u00e1lne obytn\u00e9 priestory, ako je zimn\u00e1 z\u00e1hrada, terasa alebo balk\u00f3n.<\/p><p>\u00a0<\/p><h4 class=\"header_color\">Terasov\u00e9 dla\u017edice<\/h4>Ve\u013ek\u00e9 terasy, lod\u017eie alebo balk\u00f3ny, terasy so schodiskom, terasy a balk\u00f3ny nepravideln\u00fdch tvarov (\u0161ikm\u00e9 alebo obl\u00fakovit\u00e9) a terasy a balk\u00f3ny in\u00fdch nepravideln\u00fdch tvarov, ktor\u00e9 nemo\u017eno zahrn\u00fa\u0165 do v\u00fdpo\u010dtu. V pr\u00edpade tak\u00fdchto ter\u00e1s, lod\u017ei\u00ed alebo balk\u00f3nov je potrebn\u00e9 pred k\u00fapou v\u017edy kontaktova\u0165 na\u0161e obchodn\u00e9 oddelenie.<br \/><br \/>Dreven\u00e9 palubovky GUMI s\u00fa k\u00fazlom \u010distej pr\u00edrody! Paluby z pr\u00edrodn\u00fdch materi\u00e1lov s\u00fa kr\u00e1sne, trvanliv\u00e9 a odoln\u00e9 vo\u010di poveternostn\u00fdm vplyvom. Dreven\u00e1 paluba je jednoducho nie\u010do v\u00fdnimo\u010dn\u00e9.<br \/><br \/>Dreven\u00e1 podlaha z jase\u0148a Thermo je r\u00fdchly a jednoduch\u00fd sp\u00f4sob, ako o\u017eivi\u0165 priestor terasy alebo balk\u00f3na. Dreven\u00e9 palubovky GUMI predstavuj\u00fa jednoduch\u00fd sp\u00f4sob, ako premeni\u0165 v\u00e1\u0161 balk\u00f3n alebo terasu. In\u0161tal\u00e1cia je jednoduch\u00e1, sta\u010d\u00ed jednotliv\u00e9 dosky zacvakn\u00fa\u0165 na gumov\u00e9 spojky.<br \/><br \/>Dreven\u00e1 podlaha je tepelne upraven\u00e1 a terasov\u00e9 dosky s\u00fa vhodn\u00e9 aj na pou\u017eitie v komer\u010dn\u00fdch prev\u00e1dzkach. \u010ci u\u017e na pl\u00e1\u017each, teras\u00e1ch re\u0161taur\u00e1ci\u00ed alebo v hoteloch. Podlahu mo\u017eno reza\u0165, ak ju chcete prisp\u00f4sobi\u0165 ploch\u00e1m okolo z\u00e1bradl\u00ed, schodov, st\u013apov a podobne. Vydr\u017e\u00ed ve\u013emi dlho v n\u00e1ro\u010dn\u00fdch podmienkach aj bez o\u0161etrovania. Je to jeden z najodolnej\u0161\u00edch materi\u00e1lov.<p>\u00a0<\/p><h3 class=\"header_color\">Mont\u00e1\u017e drevenej podlahy krok za krokom<\/h3><p><strong>KROK 1<\/strong><br \/>Sk\u00f4r ako za\u010dnete s pokl\u00e1dkou drevenej terasy, pre\u010d\u00edtajte si tieto inform\u00e1cie a pripravte sa:<\/p><ul><li>vytla\u010den\u00fd s\u00fabor pdf s pl\u00e1nom podlahy balk\u00f3na\/terasy, ktor\u00fd obsahuje pl\u00e1n terasy, jednotliv\u00e9 bal\u00edky dosiek a rozlo\u017eenie vzoru dosiek<\/li><li>ochrann\u00e9 rukavice<\/li><li>n\u00f4\u017e alebo in\u00fd ostr\u00fd rezn\u00fd n\u00e1stroj na odrezanie prebyto\u010dn\u00fdch konektorov\u00fdch dosiek<\/li><\/ul><strong>KROK 2<\/strong><br \/>Pripravte povrch, na ktor\u00fd sa bud\u00fa dosky uklada\u0165. Aby ste predi\u0161li po\u0161kodeniu dreven\u00fdch dosiek, odstr\u00e1\u0148te z balk\u00f3na, terasy, hydroizol\u00e1cie alebo lod\u017eie v\u0161etky vo\u013en\u00e9 ne\u010distoty, prach a odpadky. Okrem toho je potrebn\u00e9 odstr\u00e1ni\u0165 aj v\u0161etky stopy po omietke a stavebn\u00fdch pr\u00e1cach.<br \/><strong>KROK 3<\/strong><br \/>Pozrite si vytla\u010den\u00fd pl\u00e1n va\u0161ej terasy a potom za\u010dnite postupne uklada\u0165 a sp\u00e1ja\u0165 dreven\u00e9 ( alebo wpc, kompozitn\u00e9, drevoplastov\u00e9 ) dosky od steny\/vchodu k vonkaj\u0161\u00edm okrajom balk\u00f3na, terasy, lod\u017eie.<br \/>Dosky by sa mali prip\u00e1ja\u0165 len pomocou konektorov GUMI. Pre jednoduch\u0161iu mont\u00e1\u017e drevenej terasy oto\u010dte nieko\u013eko dosiek hore nohami (d\u00e1vajte pozor, aby ste nepo\u0161kodili hrub\u00fa, br\u00fasen\u00fa stranu dosiek), spojte ich konektorom pod\u013ea vzoru a potom ich pripojte k zvy\u0161ku terasy. Ak m\u00e1te probl\u00e9my so spojen\u00edm dielov, skontrolujte, \u010di s\u00fa konektory GUMIdeck spr\u00e1vne umiestnen\u00e9. V\u0161etky prvky by mali dokonale pasova\u0165. Ak nebudete pou\u017e\u00edva\u0165 bo\u010dn\u00e9 panely, m\u00f4\u017eete otvory v paneloch po obvode obrysu terasy vyplni\u0165 odrezanou polovicou konektora.<br \/><strong>KROK 4<\/strong><br \/>Po polo\u017een\u00ed v\u0161etk\u00fdch dosiek je va\u0161a nov\u00e1 podlaha pripraven\u00e1 na pou\u017eitie. Ak je to potrebn\u00e9, prejdite sa po terase, aby ste sa uistili, \u017ee v\u0161etky dosky spr\u00e1vne zapadaj\u00fa a sp\u00e1jaj\u00fa sa so spojkou, ak sa dosky po\u010das in\u0161tal\u00e1cie zne\u010distili, m\u00f4\u017eete podlahu vy\u010disti\u0165.<p>\u00a0<\/p><h3 class=\"header_color\">In\u0161tal\u00e1cia - viac inform\u00e1ci\u00ed<\/h3><p>Neodpor\u00fa\u010dame syst\u00e9m Gumi trvalo pripevni\u0165 k povrchu terasy. Syst\u00e9m Gumi bol navrhnut\u00fd ako \"pl\u00e1vaj\u00faci syst\u00e9m\". V \u017eiadnom pr\u00edpade neudierajte na dosky \u017eelezn\u00fdm kladivom alebo in\u00fdmi tvrd\u00fdmi predmetmi, preto\u017ee to m\u00f4\u017ee vies\u0165 k trval\u00e9mu po\u0161kodeniu dreven\u00fdch dosiek.<br \/><br \/><strong>Pou\u017e\u00edvanie terasy<\/strong><br \/>Neodpor\u00fa\u010dame pou\u017e\u00edva\u0165 kovov\u00e9 predmety v priamom kontakte s terasov\u00fdmi doskami na dlh\u0161\u00ed \u010das, preto\u017ee kov m\u00f4\u017ee na dosk\u00e1ch zanecha\u0165 odtla\u010dky. Je potrebn\u00e9 zabezpe\u010di\u0165, aby terasov\u00e9 dosky boli bez veget\u00e1cie. Priamy kontakt rastl\u00edn s terasov\u00fdmi doskami GUMI vedie k zr\u00fdchlenej biologickej degrad\u00e1cii dreva. Je obzvl\u00e1\u0161\u0165 d\u00f4le\u017eit\u00e9 chr\u00e1ni\u0165 terasu pred prerastan\u00edm veget\u00e1cie medzi dreven\u00fdmi doskami Gumi. Ak je potrebn\u00e9 zakry\u0165 povrch (napr. pri renov\u00e1cii a ma\u013eovan\u00ed), najlep\u0161ie je pou\u017ei\u0165 koberec alebo lepenku. Dlhodob\u00e9 zakrytie terasy nepriepustn\u00fdm materi\u00e1lom m\u00f4\u017ee sp\u00f4sobi\u0165 v\u00fdrazn\u00e9 a trval\u00e9 farebn\u00e9 rozdiely medzi zakrytou a nezakrytou \u010das\u0165ou terasy na va\u0161om balk\u00f3ne, terase s hydroizol\u00e1ciou. Terasu po\u010das zimn\u00e9ho obdobia nezakr\u00fdvajte f\u00f3liou ani in\u00fdm vzduch nepriepustn\u00fdm materi\u00e1lom.<\/p><h3 class=\"header_color\">\u010cistenie terasy<\/h3><p>Povrch terasy GUMI mo\u017eno um\u00fdva\u0165 m\u00e4kkou kefou a vodou. Je mo\u017en\u00e9 pou\u017e\u00edva\u0165 jemn\u00e9 chemick\u00e9 \u010distiace prostriedky ur\u010den\u00e9 na olejovan\u00e9 dreven\u00e9 terasy. Na odstr\u00e1nenie ne\u010dist\u00f4t z povrchu terasy - napr\u00edklad piesku, l\u00edstia a ihli\u010dia, pou\u017eite m\u00e4kk\u00fa kefu. Takisto je potrebn\u00e9 odstr\u00e1ni\u0165 nahromaden\u00fd piesok, l\u00edstie a ihli\u010die, ktor\u00e9 blokuj\u00fa vo\u013en\u00fd odtok da\u017e\u010fovej vody z terasy. V zime treba odstr\u00e1ni\u0165 sneh - opatrne, aby sa nepo\u0161kodil povrch dosiek. Odpor\u00fa\u010dame vyhn\u00fa\u0165 sa pou\u017e\u00edvaniu kovov\u00fdch, hlin\u00edkov\u00fdch lopatiek a na odstr\u00e1nenie snehu rad\u0161ej pou\u017ei\u0165 metlu. Na odstra\u0148ovanie snehu v\u00f4bec nepou\u017e\u00edvajte so\u013e ani in\u00e9 chemik\u00e1lie, preto\u017ee by mohli po\u0161kodi\u0165 dreven\u00e9 dosky.<br \/><br \/>Podlahu mo\u017eno \u013eahko rozobra\u0165 a op\u00e4\u0165 zlo\u017ei\u0165, ke\u010f chcete \u010disti\u0165 spodn\u00fa \u010das\u0165.<\/p><h3 class=\"header_color\">Starostlivos\u0165<\/h3><p>Sna\u017ete sa udr\u017eiava\u0165 terasu \u010dist\u00fa a such\u00fa. D\u00e1vajte pozor na pr\u00edpadn\u00e9 po\u0161koden\u00e9 alebo po\u0161kriaban\u00e9 miesta. To s\u00fa sign\u00e1ly, \u017ee povrch terasy by sa mal \u010doskoro ochr\u00e1ni\u0165 novou vrstvou oleja. Frekvencia \u00fadr\u017eby z\u00e1vis\u00ed od umiestnenia terasy, stup\u0148a opotrebovania a vystavenia slnku a da\u017e\u010fu. Kvalita, vzh\u013ead a trvanlivos\u0165 terasy GUMI z\u00e1vis\u00ed najm\u00e4 od jej spr\u00e1vnej a pravidelnej starostlivosti. Frekvencia starostlivosti (potrebn\u00e1 po\u010das z\u00e1ru\u010dnej doby). \u00dadr\u017eba terasy by sa mala vykon\u00e1va\u0165 v z\u00e1vislosti od stup\u0148a opotrebovania povrchovej vrstvy dreven\u00fdch dosiek. V pr\u00edpade zrete\u013en\u00fdch rezov, od\u0161tiepkov a defektov ochrannej olejovej vrstvy je potrebn\u00e9 najprv vykona\u0165 tzv. spevnenie pomocou be\u017ene dostupn\u00fdch chemick\u00fdch prostriedkov na spevnenie dreven\u00fdch ter\u00e1s (pod\u013ea pokynov v\u00fdrobcu) a n\u00e1sledne nanies\u0165 nov\u00fa vrstvu ochrann\u00e9ho oleja pomocou \u0161tetca, val\u010deka alebo handry. Ak chcete obnovi\u0165 nepo\u0161koden\u00fa vrstvu oleja, mali by ste terasu najprv umy\u0165 iba vodou a m\u00e4kkou kefou a po \u00faplnom vyschnut\u00ed nanies\u0165 nov\u00fa vrstvu oleja, pri\u010dom sa v\u017edy mus\u00edte riadi\u0165 pokynmi v\u00fdrobcu na o\u0161etrovanie\/\u00fadr\u017ebu v\u00fdrobku.<br \/><br \/>Pravideln\u00fdm ma\u013eovan\u00edm, pribli\u017ene raz ro\u010dne, m\u00f4\u017eete svoju podlahu \u013eahko ochr\u00e1ni\u0165 pred opotrebovan\u00edm.<\/p><h3 class=\"header_color\">Oleje - r\u00f4zne druhy olejov na starostlivos\u0165 o drevo<\/h3><p>Na pravideln\u00fa starostlivos\u0165 sa odpor\u00fa\u010da pou\u017e\u00edva\u0165 rozpt\u00fdlen\u00e9 oleje na drevo obsahuj\u00face farebn\u00fd pigment. Olej s farebn\u00fdm pigmentom vyrovn\u00e1va farbu povrchu terasy a v\u010faka tomu, \u017ee je UV bari\u00e9rou, v\u00fdrazne predl\u017euje proces patinovania (\u0161ednutia) ter\u00e1s z pr\u00edrodn\u00e9ho dreva.<\/p><h3 class=\"header_color\">\u00dalo\u017eisko<\/h3><p>Dreven\u00e9 dosky a spojovacie prvky by sa mali pod\u013ea mo\u017enosti skladova\u0165 v chladnej a suchej miestnosti. Pri skladovan\u00ed vonku by mali by\u0165 dosky zakryt\u00e9 nepremokav\u00fdm krytom, aby boli chr\u00e1nen\u00e9 napr. pred snehom. Vzduch mus\u00ed vo\u013ene cirkulova\u0165, aby sa zabr\u00e1nilo vzniku vlhkosti alebo plesn\u00ed a p\u00f4sobeniu slne\u010dn\u00e9ho \u017eiarenia, ktor\u00e9 sp\u00f4sobuje stratu farby.<\/p><h3 class=\"header_color\">Substr\u00e1t - po\u017eiadavky na povrch<\/h3><p>Substr\u00e1t by mal by\u0165 rovn\u00fd so sklonom, aby sa na \u0148om nezadr\u017eiavali kvapky vody a aby bol zabezpe\u010den\u00fd odtok da\u017e\u010fovej vody (\u0161tandardne 1 - 2 cm\/m). Terasa GUMI je \"pl\u00e1vaj\u00faca\" terasa, ktor\u00e1 sa prisp\u00f4sob\u00ed a kop\u00edruje nerovnosti v\u00e1\u0161ho podkladu. Na dosiahnutie uspokojiv\u00e9ho v\u00fdsledn\u00e9ho efektu je potrebn\u00e9 odstr\u00e1ni\u0165 nerovnosti na podlahe, ako s\u00fa (zaschnut\u00e9 zvy\u0161ky omietky, kusy bet\u00f3nu at\u010f.). Podklad by mal by\u0165 stabiln\u00fd, mal by ma\u0165 spr\u00e1vnu tvrdos\u0165, to znamen\u00e1, \u017ee by sa nemal oh\u00fdba\u0165 pod tlakom. Terasu GUMI mo\u017eno \u0161tandardne in\u0161talova\u0165 na tieto typy podkladov: bet\u00f3nov\u00e9 v\u00fdstupy, bet\u00f3n, dla\u017edice\/obklada\u010dky\/terakota, ne\u017eelezobet\u00f3nov\u00e1 dla\u017eba, z\u00e1mkov\u00e1 dla\u017eba, drevo, plech, \u017eelezo, hydroizol\u00e1cia EPDM a in\u00e9.<\/p><h3 class=\"header_color\">Rozmerov\u00e1 tolerancia terasy<\/h3><p>Skuto\u010dn\u00e1 ve\u013ekos\u0165 terasy komplexu GUMI sa m\u00f4\u017ee mierne l\u00ed\u0161i\u0165 od ve\u013ekosti terasy navrhnutej v kalkula\u010dke. Pr\u00edpustn\u00e9 odch\u00fdlky s\u00fa +\/- 1 cm pre ka\u017ed\u00fd rozmer projektu.<\/p><h3 class=\"header_color\">Ve\u013ek\u00e9 terasy<\/h3><p>Terasy s\u00fa rozdelen\u00e9 na ve\u013ek\u00e9 a \u0161tandardn\u00e9. Predpoklad\u00e1 sa, \u017ee ve\u013ek\u00e1, \u0161irok\u00e1 terasa je plocha, ktorej \u0161\u00edrka meran\u00e1 pozd\u013a\u017e dosiek je v\u00e4\u010d\u0161ia ako 2,5 m (d\u013a\u017eka terasy meran\u00e1 pozd\u013a\u017e dosiek nie je d\u00f4le\u017eit\u00e1 - m\u00f4\u017ee by\u0165 \u013eubovo\u013en\u00e1). Kalkula\u010dka na webovej str\u00e1nke automaticky skontroluje ka\u017ed\u00fa nakonfigurovan\u00fa terasu a zobraz\u00ed v\u00fdsledn\u00fd v\u00fdpo\u010det. Okrem toho sa inform\u00e1cia o tom, \u010di je terasa ve\u013ek\u00e1, nach\u00e1dza v s\u00fabore PDF vytvorenom kalkula\u010dkou. V pr\u00edpade ve\u013ek\u00fdch ter\u00e1s a ter\u00e1s so schodmi je potrebn\u00e9 pred n\u00e1kupom kontaktova\u0165 obchodn\u00e9 oddelenie distrib\u00fatora a vyplni\u0165 pr\u00edlohu z\u00e1ru\u010dn\u00e9ho listu.<\/p><h3 class=\"header_color\">Ve\u013ek\u00e9 terasy - dilata\u010dn\u00e9 \u0161k\u00e1ry<\/h3><p>Pri navrhovan\u00ed a n\u00e1slednej pokl\u00e1dke ve\u013ek\u00fdch ter\u00e1s nezabudnite na ponechanie vhodn\u00fdch dilata\u010dn\u00fdch \u0161k\u00e1r na strane terasy, odpor\u00fa\u010dania pre ve\u013ekos\u0165 dilata\u010dn\u00fdch \u0161k\u00e1r n\u00e1jdete v z\u00e1ru\u010dnom liste. Pri pou\u017eit\u00ed vzoru \"tehly\" a \"rady\" sa dilata\u010dn\u00e9 \u0161k\u00e1ry pou\u017e\u00edvaj\u00fa len \"po \u0161\u00edrke terasy\", pri\u010dom steny (st\u013apiky z\u00e1bradlia, ...) s\u00fa rovnobe\u017en\u00e9 so smerom kladenia dosiek. Ich \u0161\u00edrka mus\u00ed by\u0165 minim\u00e1lne 1,5% \u0161\u00edrky terasy v danom mieste. Dilata\u010dn\u00e9 \u0161k\u00e1ry sa na \"d\u013a\u017eke terasy\" nevy\u017eaduj\u00fa. Pri pou\u017eit\u00ed \"\u0161tvorcov\u00e9ho\" vzoru by mali by\u0165 dilata\u010dn\u00e9 \u0161k\u00e1ry ponechan\u00e9 na ka\u017edej strane terasy a mali by by\u0165 minim\u00e1lne 1,5% ve\u013ekosti terasy v danom mieste.<\/p><\/div><\/section>\t\t\t\t\t\t\t\t<\/div>\n\t\t\t\t\t<\/div>\n\t\t\t\t<\/div>\n\t\t\t\t<\/div>","protected":false},"excerpt":{"rendered":"<p>V\u0161eobecn\u00e9 inform\u00e1cie Dreven\u00e1 terasa GUMI Wood decking je pripraven\u00e1 na jednoduch\u00fa, r\u00fdchlu a bezprobl\u00e9mov\u00fa in\u0161tal\u00e1ciu bez pou\u017eitia \u0161peci\u00e1lnych doplnkov\u00fdch n\u00e1strojov. Dreven\u00e9 dosky GUMIdeck s\u00fa tie\u017e zn\u00e1me aj pod pojmom \u201eDreven\u00e9 dla\u017edice\u201cs\u00fa vyroben\u00e9 z trvanliv\u00e9ho pr\u00edrodn\u00e9ho dreva termo jase\u0148. Terasov\u00e9 dosky s\u00fa strojovo naolejovan\u00e9 s pou\u017eit\u00edm vybran\u00fdch \u0161peci\u00e1lnych olejov, s pr\u00eddavkom UV filtrov a farebn\u00fdch pigmentov, [&hellip;]<\/p>\n","protected":false},"author":1,"featured_media":0,"parent":0,"menu_order":0,"comment_status":"closed","ping_status":"closed","template":"","meta":{"footnotes":""},"class_list":["post-4050","page","type-page","status-publish","hentry"],"_links":{"self":[{"href":"https:\/\/www.gumideck.cz\/sk\/wp-json\/wp\/v2\/pages\/4050","targetHints":{"allow":["GET"]}}],"collection":[{"href":"https:\/\/www.gumideck.cz\/sk\/wp-json\/wp\/v2\/pages"}],"about":[{"href":"https:\/\/www.gumideck.cz\/sk\/wp-json\/wp\/v2\/types\/page"}],"author":[{"embeddable":true,"href":"https:\/\/www.gumideck.cz\/sk\/wp-json\/wp\/v2\/users\/1"}],"replies":[{"embeddable":true,"href":"https:\/\/www.gumideck.cz\/sk\/wp-json\/wp\/v2\/comments?post=4050"}],"version-history":[{"count":5,"href":"https:\/\/www.gumideck.cz\/sk\/wp-json\/wp\/v2\/pages\/4050\/revisions"}],"predecessor-version":[{"id":4055,"href":"https:\/\/www.gumideck.cz\/sk\/wp-json\/wp\/v2\/pages\/4050\/revisions\/4055"}],"wp:attachment":[{"href":"https:\/\/www.gumideck.cz\/sk\/wp-json\/wp\/v2\/media?parent=4050"}],"curies":[{"name":"wp","href":"https:\/\/api.w.org\/{rel}","templated":true}]}}